{"id":1170,"date":"2023-04-24T22:23:49","date_gmt":"2023-04-24T21:23:49","guid":{"rendered":"https:\/\/reservas.bnaturalsport.com\/?post_type=product&#038;p=1170"},"modified":"2023-04-26T23:29:49","modified_gmt":"2023-04-26T22:29:49","slug":"retiro-holistico-2023","status":"publish","type":"product","link":"https:\/\/reservas.bnaturalsport.com\/?product=retiro-holistico-2023","title":{"rendered":"Retiro Hol\u00edstico 2023"},"content":{"rendered":"","protected":false},"excerpt":{"rendered":"<p style=\"text-align: left;\">Convi\u00e9rtete en la mejor versi\u00f3n de ti&#8230;.<\/p>\n<p style=\"text-align: left;\">ZEN &amp; FULL MOON RETREAT<br \/>\nYoga y Crecimiento personal<br \/>\nMeditaci\u00f3n<br \/>\nSenderismo<br \/>\nBa\u00f1os de Bosque<br \/>\nSound Healing<br \/>\nArte &amp; Creatividad<br \/>\nDanza y expresi\u00f3n corporal<br \/>\nGran tirolina<br \/>\nRitual de fuego y Let go<br \/>\nAstronom\u00eda y ritual luna llena<br \/>\nCreative Journaling y m\u00e1s<\/p>\n<p style=\"text-align: left;\">Incluye:<br \/>\nAlojamiento por 3 d\u00edas , pensi\u00f3n completa, men\u00fa vegetariano\/vegano y todas las actividades.<\/p>\n<p style=\"text-align: left;\">Grupos Reducidos<\/p>\n<p style=\"text-align: left;\">BNatural Bay\u00e1rcal &#8211; Almer\u00eda<br \/>\nParque Natural Sierra Nevada<\/p>\n<p style=\"text-align: left;\"><strong>Precio 250\u20ac TODO INCLUIDO<\/strong><\/p>\n<p style=\"text-align: left;\"><strong>Reserva 50\u20ac (<\/strong>Se descontar\u00e1n del valor total)<\/p>\n","protected":false},"featured_media":1172,"template":"","meta":{"_joinchat":[]},"product_cat":[28],"product_tag":[],"class_list":{"0":"post-1170","1":"product","2":"type-product","3":"status-publish","4":"has-post-thumbnail","6":"product_cat-retiros","8":"first","9":"instock","10":"taxable","11":"shipping-taxable","12":"purchasable","13":"product-type-simple","14":"customify-col"},"_links":{"self":[{"href":"https:\/\/reservas.bnaturalsport.com\/index.php?rest_route=\/wp\/v2\/product\/1170","targetHints":{"allow":["GET"]}}],"collection":[{"href":"https:\/\/reservas.bnaturalsport.com\/index.php?rest_route=\/wp\/v2\/product"}],"about":[{"href":"https:\/\/reservas.bnaturalsport.com\/index.php?rest_route=\/wp\/v2\/types\/product"}],"wp:featuredmedia":[{"embeddable":true,"href":"https:\/\/reservas.bnaturalsport.com\/index.php?rest_route=\/wp\/v2\/media\/1172"}],"wp:attachment":[{"href":"https:\/\/reservas.bnaturalsport.com\/index.php?rest_route=%2Fwp%2Fv2%2Fmedia&parent=1170"}],"wp:term":[{"taxonomy":"product_cat","embeddable":true,"href":"https:\/\/reservas.bnaturalsport.com\/index.php?rest_route=%2Fwp%2Fv2%2Fproduct_cat&post=1170"},{"taxonomy":"product_tag","embeddable":true,"href":"https:\/\/reservas.bnaturalsport.com\/index.php?rest_route=%2Fwp%2Fv2%2Fproduct_tag&post=1170"}],"curies":[{"name":"wp","href":"https:\/\/api.w.org\/{rel}","templated":true}]}}